{"id":2,"date":"2018-04-09T20:44:23","date_gmt":"2018-04-09T20:44:23","guid":{"rendered":"http:\/\/aceromas.net\/?page_id=2"},"modified":"2018-04-11T04:05:45","modified_gmt":"2018-04-11T04:05:45","slug":"sample-page","status":"publish","type":"page","link":"https:\/\/aceromas.net\/","title":{"rendered":"Inicio"},"content":{"rendered":"<div class=\"wpb-content-wrapper\">[vc_row css=\u00bb.vc_custom_1523376550384{margin-top: -95px !important;margin-right: -45px !important;margin-bottom: 50px !important;margin-left: -45px !important;}\u00bb][vc_column]\n\t\t\t<!-- START homeslider REVOLUTION SLIDER 6.7.30 --><p class=\"rs-p-wp-fix\"><\/p>\n\t\t\t<rs-module-wrap id=\"rev_slider_1_1_wrapper\" data-source=\"gallery\" style=\"visibility:hidden;background:transparent;padding:0;margin:0px auto;margin-top:0;margin-bottom:0;\">\n\t\t\t\t<rs-module id=\"rev_slider_1_1\" style=\"\" data-version=\"6.7.30\">\n\t\t\t\t\t<rs-slides style=\"overflow: hidden; position: absolute;\">\n\t\t\t\t\t\t<rs-slide style=\"position: absolute;\" data-key=\"rs-1\" data-title=\"Slide\" data-thumb=\"\/\/aceromas.net\/wp-content\/uploads\/2018\/04\/Slider1-100x50.jpg\" data-anim=\"adpr:false;\">\n\t\t\t\t\t\t\t<img decoding=\"async\" src=\"\/\/aceromas.net\/wp-content\/plugins\/revslider\/sr6\/assets\/assets\/dummy.png\" alt=\"\" title=\"Inicio\" class=\"rev-slidebg tp-rs-img rs-lazyload\" data-lazyload=\"\/\/aceromas.net\/wp-content\/uploads\/2018\/04\/Slider1.jpg\" data-no-retina>\n<!---->\t\t\t\t\t<\/rs-slide>\n\t\t\t\t\t\t<rs-slide style=\"position: absolute;\" data-key=\"rs-2\" data-title=\"Slide\" data-thumb=\"\/\/aceromas.net\/wp-content\/uploads\/2018\/04\/Slider4-100x50.jpg\" data-anim=\"adpr:false;\">\n\t\t\t\t\t\t\t<img decoding=\"async\" src=\"\/\/aceromas.net\/wp-content\/plugins\/revslider\/sr6\/assets\/assets\/dummy.png\" alt=\"\" title=\"Inicio\" class=\"rev-slidebg tp-rs-img rs-lazyload\" data-lazyload=\"\/\/aceromas.net\/wp-content\/uploads\/2018\/04\/Slider4.jpg\" data-no-retina>\n<!---->\t\t\t\t\t<\/rs-slide>\n\t\t\t\t\t\t<rs-slide style=\"position: absolute;\" data-key=\"rs-3\" data-title=\"Slide\" data-thumb=\"\/\/aceromas.net\/wp-content\/uploads\/2018\/04\/Slider2-100x50.jpg\" data-anim=\"adpr:false;\">\n\t\t\t\t\t\t\t<img decoding=\"async\" src=\"\/\/aceromas.net\/wp-content\/plugins\/revslider\/sr6\/assets\/assets\/dummy.png\" alt=\"\" title=\"Inicio\" class=\"rev-slidebg tp-rs-img rs-lazyload\" data-lazyload=\"\/\/aceromas.net\/wp-content\/uploads\/2018\/04\/Slider2.jpg\" data-no-retina>\n<!---->\t\t\t\t\t<\/rs-slide>\n\t\t\t\t\t\t<rs-slide style=\"position: absolute;\" data-key=\"rs-4\" data-title=\"Slide\" data-thumb=\"\/\/aceromas.net\/wp-content\/uploads\/2018\/04\/Slider3-100x50.jpg\" data-anim=\"adpr:false;\">\n\t\t\t\t\t\t\t<img decoding=\"async\" src=\"\/\/aceromas.net\/wp-content\/plugins\/revslider\/sr6\/assets\/assets\/dummy.png\" alt=\"\" title=\"Inicio\" class=\"rev-slidebg tp-rs-img rs-lazyload\" data-lazyload=\"\/\/aceromas.net\/wp-content\/uploads\/2018\/04\/Slider3.jpg\" data-no-retina>\n<!---->\t\t\t\t\t<\/rs-slide>\n\t\t\t\t\t<\/rs-slides>\n\t\t\t\t<\/rs-module>\n\t\t\t\t<script>\n\t\t\t\t\tsetREVStartSize({c: 'rev_slider_1_1',rl:[1240,1024,778,480],el:[],gw:[1170],gh:[389],type:'standard',justify:'',layout:'fullwidth',mh:\"0\"});if (window.RS_MODULES!==undefined && window.RS_MODULES.modules!==undefined && window.RS_MODULES.modules[\"revslider11\"]!==undefined) {window.RS_MODULES.modules[\"revslider11\"].once = false;window.revapi1 = undefined;if (window.RS_MODULES.checkMinimal!==undefined) window.RS_MODULES.checkMinimal()}\n\t\t\t\t<\/script>\n\t\t\t<\/rs-module-wrap>\n\t\t\t<!-- END REVOLUTION SLIDER -->\n[\/vc_column][\/vc_row][vc_row css=\u00bb.vc_custom_1523316669302{margin-bottom: 30px !important;}\u00bb][vc_column width=\u00bb1\/3&#8243;][vc_hoverbox image=\u00bb47&#8243; primary_title=\u00bbCALIDAD\u00bb primary_title_font_container=\u00bbfont_size:40|color:%23ffffff\u00bb primary_title_use_theme_fonts=\u00bbyes\u00bb hover_title=\u00bb\u00bb hover_background_color=\u00bbcustom\u00bb use_custom_fonts_primary_title=\u00bbtrue\u00bb hover_custom_background=\u00bb#dbdbdb\u00bb css=\u00bb.vc_custom_1523419452328{margin-bottom: 15px !important;}\u00bb]\n<p style=\"text-align: justify;\"><span style=\"font-size: 17px;\"><strong>Trabajamos bajo los mas altos estandares de calidad, ofreciendo un servicio impecable, enfocandonos siempre en la seguridad de nuestras obras.<\/strong><\/span><\/p>\n[\/vc_hoverbox][\/vc_column][vc_column width=\u00bb1\/3&#8243;][vc_hoverbox image=\u00bb122&#8243; primary_title=\u00bbPERSONAL\u00bb primary_title_font_container=\u00bbfont_size:40|color:%23ffffff\u00bb primary_title_use_theme_fonts=\u00bbyes\u00bb hover_title=\u00bb\u00bb use_custom_fonts_primary_title=\u00bbtrue\u00bb css=\u00bb.vc_custom_1523419458700{margin-bottom: 15px !important;}\u00bb]\n<p style=\"text-align: justify;\"><span style=\"font-size: 17px;\"><strong>Personal altamente capacitado con los estandares de seguridad mas rigurosos y los equipos mas modernos del mercado, siempre a la vanguardia.<\/strong><\/span><\/p>\n[\/vc_hoverbox][\/vc_column][vc_column width=\u00bb1\/3&#8243;][vc_hoverbox image=\u00bb123&#8243; primary_title=\u00bbTECNOLOGIA\u00bb primary_title_font_container=\u00bbfont_size:40|color:%23ffffff\u00bb primary_title_use_theme_fonts=\u00bbyes\u00bb hover_title=\u00bb\u00bb use_custom_fonts_primary_title=\u00bbtrue\u00bb]\n<p style=\"text-align: justify;\"><span style=\"font-size: 17px;\"><strong>Las mejores tecnicas de soldadura, uniones, creacion de estructuras metalicas con calculos estructurales al milimetro.<\/strong><\/span><\/p>\n[\/vc_hoverbox][\/vc_column][\/vc_row][vc_row][vc_column][vc_zigzag color=\u00bbcustom\u00bb el_border_width=\u00bb10&#8243; custom_color=\u00bb#dd9494&#8243;][\/vc_column][\/vc_row][vc_row css=\u00bb.vc_custom_1523377855391{margin-top: 40px !important;margin-bottom: 40px !important;}\u00bb][vc_column width=\u00bb1\/2&#8243;][vc_column_text]\n<p style=\"text-align: justify;\"><span style=\"font-size: 16px;\">Acero Mas, C. Por A. Es una empresa dedicada a las construcciones met\u00e1licas y civiles, que inici\u00f3 sus labores en el\u00a0 a\u00f1o 1986 con el nombre de Estructuras Met\u00e1licas CxA, 1992 Cambio de nombre a \u201cACERO MAS CxA, Construcciones Met\u00e1licas\u201d y m\u00e1s tarde a ACERO MAS S.R.L.<\/span><\/p>\n[\/vc_column_text][\/vc_column][vc_column width=\u00bb1\/2&#8243;][vc_column_text]\n<p style=\"text-align: justify;\"><span style=\"font-size: 16px;\">Nuestro personal cuenta con una vasta experiencia en el desarrollo, administraci\u00f3n y ejecuci\u00f3n de proyectos de construcci\u00f3n. En el \u00e1rea de dise\u00f1o cuenta con el asesoramiento de profesionales especializados con capacidad para manejar todo tipo de proyectos metalurgicos.<\/span><\/p>\n[\/vc_column_text][\/vc_column][\/vc_row][vc_row][vc_column][vc_separator style=\u00bbdotted\u00bb border_width=\u00bb2&#8243;][vc_column_text]\n<p style=\"text-align: center;\"><span style=\"font-size: 18px;\"><strong>ALGUNOS DE NUESTROS PROYECTOS REALIZADOS<\/strong><\/span><\/p>\n[\/vc_column_text][vc_media_grid element_width=\u00bb2&#8243; gap=\u00bb15&#8243; grid_id=\u00bbvc_gid:1523419441946-a3ec7205-ecff-10&#8243; include=\u00bb61,70,63,75,82,83,88,85,93,96,78,79&#8243;][\/vc_column][\/vc_row][vc_row][vc_column width=\u00bb1\/4&#8243;][vc_btn title=\u00bbCONTACTANOS\u00bb color=\u00bbdanger\u00bb align=\u00bbcenter\u00bb i_icon_fontawesome=\u00bbfa fa-envelope-o\u00bb button_block=\u00bbtrue\u00bb add_icon=\u00bbtrue\u00bb link=\u00bburl:http%3A%2F%2Faceromas.net%2Findex.php%2Fcontactenos%2F|title:Contactanos||\u00bb][\/vc_column][vc_column width=\u00bb3\/4&#8243;][vc_column_text]\n<p style=\"text-align: left;\"><strong><span style=\"font-size: 16px;\">Para mas informacion contactenos y le aclaramos cualquier duda que tenga.<\/span><\/strong><\/p>\n[\/vc_column_text][\/vc_column][\/vc_row]\n<\/div>","protected":false},"excerpt":{"rendered":"<p>[vc_row css=\u00bb.vc_custom_1523376550384{margin-top: -95px !important;margin-right: -45px !important;margin-bottom: 50px !important;margin-left: -45px !important;}\u00bb][vc_column][\/vc_column][\/vc_row][vc_row css=\u00bb.vc_custom_1523316669302{margin-bottom: 30px !important;}\u00bb][vc_column width=\u00bb1\/3&#8243;][vc_hoverbox image=\u00bb47&#8243; primary_title=\u00bbCALIDAD\u00bb primary_title_font_container=\u00bbfont_size:40|color:%23ffffff\u00bb primary_title_use_theme_fonts=\u00bbyes\u00bb hover_title=\u00bb\u00bb hover_background_color=\u00bbcustom\u00bb use_custom_fonts_primary_title=\u00bbtrue\u00bb hover_custom_background=\u00bb#dbdbdb\u00bb css=\u00bb.vc_custom_1523419452328{margin-bottom: 15px !important;}\u00bb] Trabajamos bajo los mas altos estandares de calidad, ofreciendo un servicio impecable, enfocandonos siempre en la seguridad de nuestras obras. [\/vc_hoverbox][\/vc_column][vc_column width=\u00bb1\/3&#8243;][vc_hoverbox image=\u00bb122&#8243; primary_title=\u00bbPERSONAL\u00bb primary_title_font_container=\u00bbfont_size:40|color:%23ffffff\u00bb primary_title_use_theme_fonts=\u00bbyes\u00bb hover_title=\u00bb\u00bb use_custom_fonts_primary_title=\u00bbtrue\u00bb css=\u00bb.vc_custom_1523419458700{margin-bottom: 15px<\/p>\n","protected":false},"author":1,"featured_media":0,"parent":0,"menu_order":0,"comment_status":"closed","ping_status":"closed","template":"","meta":{"footnotes":""},"class_list":["post-2","page","type-page","status-publish","hentry"],"_links":{"self":[{"href":"https:\/\/aceromas.net\/index.php\/wp-json\/wp\/v2\/pages\/2","targetHints":{"allow":["GET"]}}],"collection":[{"href":"https:\/\/aceromas.net\/index.php\/wp-json\/wp\/v2\/pages"}],"about":[{"href":"https:\/\/aceromas.net\/index.php\/wp-json\/wp\/v2\/types\/page"}],"author":[{"embeddable":true,"href":"https:\/\/aceromas.net\/index.php\/wp-json\/wp\/v2\/users\/1"}],"replies":[{"embeddable":true,"href":"https:\/\/aceromas.net\/index.php\/wp-json\/wp\/v2\/comments?post=2"}],"version-history":[{"count":55,"href":"https:\/\/aceromas.net\/index.php\/wp-json\/wp\/v2\/pages\/2\/revisions"}],"predecessor-version":[{"id":214,"href":"https:\/\/aceromas.net\/index.php\/wp-json\/wp\/v2\/pages\/2\/revisions\/214"}],"wp:attachment":[{"href":"https:\/\/aceromas.net\/index.php\/wp-json\/wp\/v2\/media?parent=2"}],"curies":[{"name":"wp","href":"https:\/\/api.w.org\/{rel}","templated":true}]}}